{"id":1804,"date":"2025-08-13T02:39:48","date_gmt":"2025-08-13T02:39:48","guid":{"rendered":"https:\/\/orangered-cod-500421.hostingersite.com\/?page_id=1804"},"modified":"2025-08-13T02:40:09","modified_gmt":"2025-08-13T02:40:09","slug":"our-blog","status":"publish","type":"page","link":"https:\/\/freshairclearmindvacations.com\/es\/our-blog\/","title":{"rendered":"Nuestro blog"},"content":{"rendered":"<style>.kadence-column1804_4d4390-29 > .kt-inside-inner-col{display:flex;}.kadence-column1804_4d4390-29 > .kt-inside-inner-col,.kadence-column1804_4d4390-29 > .kt-inside-inner-col:before{border-top-left-radius:0px;border-top-right-radius:0px;border-bottom-right-radius:0px;border-bottom-left-radius:0px;}.kadence-column1804_4d4390-29 > .kt-inside-inner-col{column-gap:var(--global-kb-gap-sm, 1rem);}.kadence-column1804_4d4390-29 > .kt-inside-inner-col{flex-direction:row;flex-wrap:wrap;align-items:center;}.kadence-column1804_4d4390-29 > .kt-inside-inner-col > *, .kadence-column1804_4d4390-29 > .kt-inside-inner-col > figure.wp-block-image, .kadence-column1804_4d4390-29 > .kt-inside-inner-col > figure.wp-block-kadence-image{margin-top:0px;margin-bottom:0px;}.kadence-column1804_4d4390-29 > .kt-inside-inner-col > .kb-image-is-ratio-size{flex-grow:1;}.kadence-column1804_4d4390-29 > .kt-inside-inner-col{background-color:var(--global-palette8, #F7FAFC);}.kadence-column1804_4d4390-29 > .kt-inside-inner-col:before{opacity:0.3;}.kadence-column1804_4d4390-29{position:relative;}@media all and (max-width: 1024px){.kadence-column1804_4d4390-29 > .kt-inside-inner-col{flex-direction:row;flex-wrap:wrap;align-items:center;}}@media all and (min-width: 768px) and (max-width: 1024px){.kadence-column1804_4d4390-29 > .kt-inside-inner-col > *, .kadence-column1804_4d4390-29 > .kt-inside-inner-col > figure.wp-block-image, .kadence-column1804_4d4390-29 > .kt-inside-inner-col > figure.wp-block-kadence-image{margin-top:0px;margin-bottom:0px;}.kadence-column1804_4d4390-29 > .kt-inside-inner-col > .kb-image-is-ratio-size{flex-grow:1;}}@media all and (max-width: 767px){.kadence-column1804_4d4390-29 > .kt-inside-inner-col{flex-direction:row;flex-wrap:wrap;justify-content:flex-start;}.kadence-column1804_4d4390-29 > .kt-inside-inner-col > *, .kadence-column1804_4d4390-29 > .kt-inside-inner-col > figure.wp-block-image, .kadence-column1804_4d4390-29 > .kt-inside-inner-col > figure.wp-block-kadence-image{margin-top:0px;margin-bottom:0px;}.kadence-column1804_4d4390-29 > .kt-inside-inner-col > .kb-image-is-ratio-size{flex-grow:1;}}<\/style>\n<div class=\"wp-block-kadence-column kadence-column1804_4d4390-29 kb-section-dir-horizontal\"><div class=\"kt-inside-inner-col\"><style>.kb-posts-id-1804_cf8cbb-03 .kb-post-list-item{display:grid;}<\/style><ul class=\"wp-block-kadence-posts kb-posts kadence-posts-list kb-posts-id-1804_cf8cbb-03 content-wrap grid-cols kb-posts-style-boxed grid-sm-col-1 grid-lg-col-1 item-image-style-beside\"><li class=\"kb-post-list-item\">\n\t<article class=\"entry content-bg loop-entry post-2750 post type-post status-publish format-standard hentry category-travel-health category-uncategorized tag-durango-travel-tips tag-travel-health\">\n\t\t\t\t<div class=\"entry-content-wrap\">\n\t\t\t<header class=\"entry-header\">\n\t\t<div class=\"entry-taxonomies\">\n\t\t<span class=\"category-links term-links category-style-normal\">\n\t\t\t<a href=\"https:\/\/freshairclearmindvacations.com\/es\/category\/uncategorized\/travel-health\/\" class=\"category-link-travel-health\" rel=\"tag\">Salud en los viajes<\/a> | <a href=\"https:\/\/freshairclearmindvacations.com\/es\/category\/uncategorized\/\" class=\"category-link-uncategorized\" rel=\"tag\">Sin categor\u00eda<\/a>\t\t<\/span>\n\t<\/div><!-- .entry-taxonomies -->\n\t<h2 class=\"entry-title\"><a href=\"https:\/\/freshairclearmindvacations.com\/es\/altitude-sickness-in-durango-colorado\/\" rel=\"bookmark\">Mal de altura en Durango, Colorado<\/a><\/h2>\t<div class=\"entry-meta entry-meta-divider-dot\">\n\t<span class=\"posted-by\"><span class=\"meta-label\">By<\/span><span class=\"author vcard\"><span class=\"fn n\">freshairclearmind@gmail.com<\/span><\/span><\/span>\t\t\t<span class=\"posted-on\">\n\t\t\t\t<time class=\"entry-date published\" datetime=\"2025-12-16T21:47:19+00:00\">16 de diciembre de 2025<\/time><time class=\"updated\" datetime=\"2025-12-17T21:11:59+00:00\">17 de diciembre de 2025<\/time>\t\t\t<\/span>\n\t\t\t\t<\/div><!-- .entry-meta -->\n\t<\/header><!-- .entry-header -->\n\t<div class=\"entry-summary\">\n\t\t<p>Qu\u00e9 debes saber antes de visitar Durango. Por m\u00e9dicos de Fresh Air Clear Mind Vacations. Receta de los doctores. \u00bfC\u00f3mo afecta la altitud al cuerpo? A medida que aumenta la altitud, disminuye la cantidad de ox\u00edgeno disponible en el aire. Cuando las personas viajan desde el nivel del mar a mayor altitud, el cuerpo puede tener dificultades para adaptarse a este menor nivel de ox\u00edgeno\u2026<\/p>\n\t<\/div><!-- .entry-summary -->\n\t<footer class=\"entry-footer\">\n\t\t\t<div class=\"entry-actions\">\n\t\t\t<p class=\"more-link-wrap\">\n\t\t\t\t<a href=\"https:\/\/freshairclearmindvacations.com\/es\/altitude-sickness-in-durango-colorado\/\" class=\"post-more-link\">\n\t\t\t\t\tRead More<span class=\"screen-reader-text\"> Mal de altura en Durango, Colorado<\/span><span class=\"kadence-svg-iconset svg-baseline\"><svg aria-hidden=\"true\" class=\"kadence-svg-icon kadence-arrow-right-alt-svg\" fill=\"currentColor\" version=\"1.1\" xmlns=\"http:\/\/www.w3.org\/2000\/svg\" width=\"27\" height=\"28\" viewbox=\"0 0 27 28\"><title>Continue<\/title><path d=\"M27 13.953c0 0.141-0.063 0.281-0.156 0.375l-6 5.531c-0.156 0.141-0.359 0.172-0.547 0.094-0.172-0.078-0.297-0.25-0.297-0.453v-3.5h-19.5c-0.281 0-0.5-0.219-0.5-0.5v-3c0-0.281 0.219-0.5 0.5-0.5h19.5v-3.5c0-0.203 0.109-0.375 0.297-0.453s0.391-0.047 0.547 0.078l6 5.469c0.094 0.094 0.156 0.219 0.156 0.359v0z\"><\/path>\n\t\t\t<\/svg><\/span>\t\t\t\t<\/a>\n\t\t\t<\/p>\n\t\t<\/div><!-- .entry-actions -->\n\t\t<\/footer><!-- .entry-footer -->\t\t<\/div>\n\t<\/article>\n<\/li>\n<li class=\"kb-post-list-item\">\n\t<article class=\"entry content-bg loop-entry post-2605 post type-post status-publish format-standard has-post-thumbnail hentry category-uncategorized\">\n\t\t\t\t<a aria-hidden=\"true\" tabindex=\"-1\" role=\"presentation\" class=\"post-thumbnail kadence-thumbnail-ratio-2-3\" href=\"https:\/\/freshairclearmindvacations.com\/es\/renovations-at-animas-valley-views\/\" aria-label=\"Reformas en Animas Valley Views\">\n\t\t\t<div class=\"post-thumbnail-inner\">\n\t\t\t\t<img loading=\"lazy\" decoding=\"async\" width=\"768\" height=\"578\" src=\"https:\/\/freshairclearmindvacations.com\/wp-content\/uploads\/2025\/10\/IMG_3766-768x578.jpg\" class=\"attachment-medium_large size-medium_large wp-post-image\" alt=\"Renovations at Animas Valley Views\" srcset=\"https:\/\/freshairclearmindvacations.com\/wp-content\/uploads\/2025\/10\/IMG_3766-768x578.jpg 768w, https:\/\/freshairclearmindvacations.com\/wp-content\/uploads\/2025\/10\/IMG_3766-300x226.jpg 300w, https:\/\/freshairclearmindvacations.com\/wp-content\/uploads\/2025\/10\/IMG_3766-1024x770.jpg 1024w, https:\/\/freshairclearmindvacations.com\/wp-content\/uploads\/2025\/10\/IMG_3766.jpg 1170w\" sizes=\"auto, (max-width: 768px) 100vw, 768px\" \/>\t\t\t<\/div>\n\t\t<\/a><!-- .post-thumbnail -->\n\t\t\t\t<div class=\"entry-content-wrap\">\n\t\t\t<header class=\"entry-header\">\n\t\t<div class=\"entry-taxonomies\">\n\t\t<span class=\"category-links term-links category-style-normal\">\n\t\t\t<a href=\"https:\/\/freshairclearmindvacations.com\/es\/category\/uncategorized\/\" class=\"category-link-uncategorized\" rel=\"tag\">Sin categor\u00eda<\/a>\t\t<\/span>\n\t<\/div><!-- .entry-taxonomies -->\n\t<h2 class=\"entry-title\"><a href=\"https:\/\/freshairclearmindvacations.com\/es\/renovations-at-animas-valley-views\/\" rel=\"bookmark\">Reformas en Animas Valley Views<\/a><\/h2>\t<div class=\"entry-meta entry-meta-divider-dot\">\n\t<span class=\"posted-by\"><span class=\"meta-label\">By<\/span><span class=\"author vcard\"><span class=\"fn n\">freshairclearmind@gmail.com<\/span><\/span><\/span>\t\t\t<span class=\"posted-on\">\n\t\t\t\t<time class=\"entry-date published updated\" datetime=\"2025-10-28T22:14:46+00:00\">28 de octubre de 2025<\/time>\t\t\t<\/span>\n\t\t\t\t<\/div><!-- .entry-meta -->\n\t<\/header><!-- .entry-header -->\n\t<div class=\"entry-summary\">\n\t\t<p>\u00a1Est\u00e1n sucediendo cosas emocionantes en Animas Vista Valley Views! Nuestro querido refugio en Durango se est\u00e1 renovando exteriormente con un revestimiento Hardie completamente nuevo que realzar\u00e1 tanto su belleza como su durabilidad. El dise\u00f1o actualizado le dar\u00e1 un aspecto moderno y elegante a la monta\u00f1a, que se integra a la perfecci\u00f3n con las vistas del valle circundante. Y a\u00fan mejor, \u00a1estamos agregando aire acondicionado a las casas!<\/p>\n\t<\/div><!-- .entry-summary -->\n\t<footer class=\"entry-footer\">\n\t\t\t<div class=\"entry-actions\">\n\t\t\t<p class=\"more-link-wrap\">\n\t\t\t\t<a href=\"https:\/\/freshairclearmindvacations.com\/es\/renovations-at-animas-valley-views\/\" class=\"post-more-link\">\n\t\t\t\t\tRead More<span class=\"screen-reader-text\"> Reformas en Animas Valley Views<\/span><span class=\"kadence-svg-iconset svg-baseline\"><svg aria-hidden=\"true\" class=\"kadence-svg-icon kadence-arrow-right-alt-svg\" fill=\"currentColor\" version=\"1.1\" xmlns=\"http:\/\/www.w3.org\/2000\/svg\" width=\"27\" height=\"28\" viewbox=\"0 0 27 28\"><title>Continue<\/title><path d=\"M27 13.953c0 0.141-0.063 0.281-0.156 0.375l-6 5.531c-0.156 0.141-0.359 0.172-0.547 0.094-0.172-0.078-0.297-0.25-0.297-0.453v-3.5h-19.5c-0.281 0-0.5-0.219-0.5-0.5v-3c0-0.281 0.219-0.5 0.5-0.5h19.5v-3.5c0-0.203 0.109-0.375 0.297-0.453s0.391-0.047 0.547 0.078l6 5.469c0.094 0.094 0.156 0.219 0.156 0.359v0z\"><\/path>\n\t\t\t<\/svg><\/span>\t\t\t\t<\/a>\n\t\t\t<\/p>\n\t\t<\/div><!-- .entry-actions -->\n\t\t<\/footer><!-- .entry-footer -->\t\t<\/div>\n\t<\/article>\n<\/li>\n<li class=\"kb-post-list-item\">\n\t<article class=\"entry content-bg loop-entry post-1244 post type-post status-publish format-standard has-post-thumbnail hentry category-uncategorized\">\n\t\t\t\t<a aria-hidden=\"true\" tabindex=\"-1\" role=\"presentation\" class=\"post-thumbnail kadence-thumbnail-ratio-2-3\" href=\"https:\/\/freshairclearmindvacations.com\/es\/late-summer-in-durango\/\" aria-label=\"\u00a1Finales de verano en Durango!\">\n\t\t\t<div class=\"post-thumbnail-inner\">\n\t\t\t\t<img loading=\"lazy\" decoding=\"async\" width=\"768\" height=\"512\" src=\"https:\/\/freshairclearmindvacations.com\/wp-content\/uploads\/2025\/08\/August-2025-768x512.jpg\" class=\"attachment-medium_large size-medium_large wp-post-image\" alt=\"Late Summer in Durango!\" srcset=\"https:\/\/freshairclearmindvacations.com\/wp-content\/uploads\/2025\/08\/August-2025-768x512.jpg 768w, https:\/\/freshairclearmindvacations.com\/wp-content\/uploads\/2025\/08\/August-2025-300x200.jpg 300w, https:\/\/freshairclearmindvacations.com\/wp-content\/uploads\/2025\/08\/August-2025-1024x683.jpg 1024w, https:\/\/freshairclearmindvacations.com\/wp-content\/uploads\/2025\/08\/August-2025.jpg 1200w\" sizes=\"auto, (max-width: 768px) 100vw, 768px\" \/>\t\t\t<\/div>\n\t\t<\/a><!-- .post-thumbnail -->\n\t\t\t\t<div class=\"entry-content-wrap\">\n\t\t\t<header class=\"entry-header\">\n\t\t<div class=\"entry-taxonomies\">\n\t\t<span class=\"category-links term-links category-style-normal\">\n\t\t\t<a href=\"https:\/\/freshairclearmindvacations.com\/es\/category\/uncategorized\/\" class=\"category-link-uncategorized\" rel=\"tag\">Sin categor\u00eda<\/a>\t\t<\/span>\n\t<\/div><!-- .entry-taxonomies -->\n\t<h2 class=\"entry-title\"><a href=\"https:\/\/freshairclearmindvacations.com\/es\/late-summer-in-durango\/\" rel=\"bookmark\">\u00a1Finales de verano en Durango!<\/a><\/h2>\t<div class=\"entry-meta entry-meta-divider-dot\">\n\t<span class=\"posted-by\"><span class=\"meta-label\">By<\/span><span class=\"author vcard\"><span class=\"fn n\">freshairclearmind@gmail.com<\/span><\/span><\/span>\t\t\t<span class=\"posted-on\">\n\t\t\t\t<time class=\"entry-date published\" datetime=\"2025-08-05T23:48:19+00:00\">5 de agosto de 2025<\/time><time class=\"updated\" datetime=\"2025-08-07T21:52:42+00:00\">7 de agosto de 2025<\/time>\t\t\t<\/span>\n\t\t\t\t<\/div><!-- .entry-meta -->\n\t<\/header><!-- .entry-header -->\n\t<div class=\"entry-summary\">\n\t\t<p>\u00a1Estamos muy emocionados de compartir nuestra primera publicaci\u00f3n con nuestro sitio web redise\u00f1ado! \u00a1Durango rebosa de energ\u00eda veraniega! Agosto trae d\u00edas c\u00e1lidos, noches frescas de monta\u00f1a y un calendario completo de eventos: \ud83c\udfb6 Conciertos en el Parque: m\u00fasica en vivo gratis todos los jueves por la noche en Buckley Park. Trae una manta y rel\u00e1jate bajo las estrellas. \ud83d\ude82 Durango\u2026<\/p>\n\t<\/div><!-- .entry-summary -->\n\t<footer class=\"entry-footer\">\n\t\t\t<div class=\"entry-actions\">\n\t\t\t<p class=\"more-link-wrap\">\n\t\t\t\t<a href=\"https:\/\/freshairclearmindvacations.com\/es\/late-summer-in-durango\/\" class=\"post-more-link\">\n\t\t\t\t\tRead More<span class=\"screen-reader-text\"> \u00a1Finales de verano en Durango!<\/span><span class=\"kadence-svg-iconset svg-baseline\"><svg aria-hidden=\"true\" class=\"kadence-svg-icon kadence-arrow-right-alt-svg\" fill=\"currentColor\" version=\"1.1\" xmlns=\"http:\/\/www.w3.org\/2000\/svg\" width=\"27\" height=\"28\" viewbox=\"0 0 27 28\"><title>Continue<\/title><path d=\"M27 13.953c0 0.141-0.063 0.281-0.156 0.375l-6 5.531c-0.156 0.141-0.359 0.172-0.547 0.094-0.172-0.078-0.297-0.25-0.297-0.453v-3.5h-19.5c-0.281 0-0.5-0.219-0.5-0.5v-3c0-0.281 0.219-0.5 0.5-0.5h19.5v-3.5c0-0.203 0.109-0.375 0.297-0.453s0.391-0.047 0.547 0.078l6 5.469c0.094 0.094 0.156 0.219 0.156 0.359v0z\"><\/path>\n\t\t\t<\/svg><\/span>\t\t\t\t<\/a>\n\t\t\t<\/p>\n\t\t<\/div><!-- .entry-actions -->\n\t\t<\/footer><!-- .entry-footer -->\t\t<\/div>\n\t<\/article>\n<\/li>\n<\/ul><\/div><\/div>","protected":false},"excerpt":{"rendered":"","protected":false},"author":1,"featured_media":0,"parent":0,"menu_order":0,"comment_status":"closed","ping_status":"closed","template":"","meta":{"_kad_post_transparent":"","_kad_post_title":"","_kad_post_layout":"","_kad_post_sidebar_id":"","_kad_post_content_style":"","_kad_post_vertical_padding":"","_kad_post_feature":"","_kad_post_feature_position":"","_kad_post_header":false,"_kad_post_footer":false,"_kad_post_classname":"","footnotes":""},"class_list":["post-1804","page","type-page","status-publish","hentry"],"_links":{"self":[{"href":"https:\/\/freshairclearmindvacations.com\/es\/wp-json\/wp\/v2\/pages\/1804","targetHints":{"allow":["GET"]}}],"collection":[{"href":"https:\/\/freshairclearmindvacations.com\/es\/wp-json\/wp\/v2\/pages"}],"about":[{"href":"https:\/\/freshairclearmindvacations.com\/es\/wp-json\/wp\/v2\/types\/page"}],"author":[{"embeddable":true,"href":"https:\/\/freshairclearmindvacations.com\/es\/wp-json\/wp\/v2\/users\/1"}],"replies":[{"embeddable":true,"href":"https:\/\/freshairclearmindvacations.com\/es\/wp-json\/wp\/v2\/comments?post=1804"}],"version-history":[{"count":2,"href":"https:\/\/freshairclearmindvacations.com\/es\/wp-json\/wp\/v2\/pages\/1804\/revisions"}],"predecessor-version":[{"id":1806,"href":"https:\/\/freshairclearmindvacations.com\/es\/wp-json\/wp\/v2\/pages\/1804\/revisions\/1806"}],"wp:attachment":[{"href":"https:\/\/freshairclearmindvacations.com\/es\/wp-json\/wp\/v2\/media?parent=1804"}],"curies":[{"name":"wp","href":"https:\/\/api.w.org\/{rel}","templated":true}]}}